{"id":563,"date":"2021-06-17T10:50:48","date_gmt":"2021-06-17T10:50:48","guid":{"rendered":"https:\/\/belokimariapsicologia.com\/?page_id=563"},"modified":"2021-06-17T11:14:27","modified_gmt":"2021-06-17T11:14:27","slug":"taller-de-consciencia-corporal","status":"publish","type":"page","link":"https:\/\/belokimariapsicologia.com\/?page_id=563","title":{"rendered":"Taller de consciencia corporal"},"content":{"rendered":"\t\t<div data-elementor-type=\"wp-page\" data-elementor-id=\"563\" class=\"elementor elementor-563\">\n\t\t\t\t\t\t\t\t\t<section class=\"elementor-section elementor-top-section elementor-element elementor-element-e40046c elementor-section-boxed elementor-section-height-default elementor-section-height-default\" data-id=\"e40046c\" data-element_type=\"section\">\n\t\t\t\t\t\t<div class=\"elementor-container elementor-column-gap-default\">\n\t\t\t\t\t<div class=\"elementor-column elementor-col-100 elementor-top-column elementor-element elementor-element-e2464ad\" data-id=\"e2464ad\" data-element_type=\"column\">\n\t\t\t<div class=\"elementor-widget-wrap elementor-element-populated\">\n\t\t\t\t\t\t\t\t<div class=\"elementor-element elementor-element-66e1b86 elementor-widget elementor-widget-heading\" data-id=\"66e1b86\" data-element_type=\"widget\" data-widget_type=\"heading.default\">\n\t\t\t\t<div class=\"elementor-widget-container\">\n\t\t\t<h2 class=\"elementor-heading-title elementor-size-default\">Taller de consciencia corporal<\/h2>\t\t<\/div>\n\t\t\t\t<\/div>\n\t\t\t\t\t<\/div>\n\t\t<\/div>\n\t\t\t\t\t\t\t<\/div>\n\t\t<\/section>\n\t\t\t\t<section class=\"elementor-section elementor-top-section elementor-element elementor-element-1422181 elementor-section-boxed elementor-section-height-default elementor-section-height-default\" data-id=\"1422181\" data-element_type=\"section\">\n\t\t\t\t\t\t<div class=\"elementor-container elementor-column-gap-default\">\n\t\t\t\t\t<div class=\"elementor-column elementor-col-100 elementor-top-column elementor-element elementor-element-6ea35e5\" data-id=\"6ea35e5\" data-element_type=\"column\">\n\t\t\t<div class=\"elementor-widget-wrap elementor-element-populated\">\n\t\t\t\t\t\t\t\t<div class=\"elementor-element elementor-element-7260f92 elementor-widget elementor-widget-text-editor\" data-id=\"7260f92\" data-element_type=\"widget\" data-widget_type=\"text-editor.default\">\n\t\t\t\t<div class=\"elementor-widget-container\">\n\t\t\t\t\t\t\t<p>Lo que ofrezco es un espacio, una vez por semana, para dedicarle tiempo a nuestro cuerpo. Poner los pies en la tierra y por un rato dejar nuestra cabeza y nuestra lengua descansar. Conectar con nuestro cuerpo a trav\u00e9s del movimiento, la voz y la respiraci\u00f3n. Os propondr\u00e9 diferentes posturas con la idea de poner atenci\u00f3n en las sensaciones que nos llegan desde \u00e9l, sin juzgarlo, simplemente percibi\u00e9ndolo. Tambi\u00e9n conectaremos con las tensiones para descargarlas.<br \/>El objetivo no es batir r\u00e9cords, no es aguantar m\u00e1s, ni hacerlo s\u00faper bien. El objetivo es sentir nuestro cuerpo, percibir nuestras sensaciones.<\/p>\t\t\t\t\t\t<\/div>\n\t\t\t\t<\/div>\n\t\t\t\t\t<\/div>\n\t\t<\/div>\n\t\t\t\t\t\t\t<\/div>\n\t\t<\/section>\n\t\t\t\t\t\t\t<\/div>\n\t\t","protected":false},"excerpt":{"rendered":"<p>Taller de consciencia corporal Lo que ofrezco es un espacio, una vez por semana, para dedicarle tiempo a nuestro cuerpo. Poner los pies en la tierra y por un rato dejar nuestra cabeza y nuestra lengua descansar. Conectar con nuestro cuerpo a trav\u00e9s del movimiento, la voz y la respiraci\u00f3n. Os propondr\u00e9 diferentes posturas con&hellip;&nbsp;<a href=\"https:\/\/belokimariapsicologia.com\/?page_id=563\" class=\"\" rel=\"bookmark\">Leer m\u00e1s &raquo;<span class=\"screen-reader-text\">Taller de consciencia corporal<\/span><\/a><\/p>\n","protected":false},"author":1,"featured_media":0,"parent":0,"menu_order":0,"comment_status":"closed","ping_status":"closed","template":"page-templates\/template-pagebuilder-full-width.php","meta":{"neve_meta_sidebar":"full-width","neve_meta_container":"","neve_meta_enable_content_width":"on","neve_meta_content_width":100,"neve_meta_title_alignment":"","neve_meta_author_avatar":"","neve_post_elements_order":"","neve_meta_disable_header":"","neve_meta_disable_footer":"","neve_meta_disable_title":"","footnotes":""},"class_list":["post-563","page","type-page","status-publish","hentry"],"_links":{"self":[{"href":"https:\/\/belokimariapsicologia.com\/index.php?rest_route=\/wp\/v2\/pages\/563","targetHints":{"allow":["GET"]}}],"collection":[{"href":"https:\/\/belokimariapsicologia.com\/index.php?rest_route=\/wp\/v2\/pages"}],"about":[{"href":"https:\/\/belokimariapsicologia.com\/index.php?rest_route=\/wp\/v2\/types\/page"}],"author":[{"embeddable":true,"href":"https:\/\/belokimariapsicologia.com\/index.php?rest_route=\/wp\/v2\/users\/1"}],"replies":[{"embeddable":true,"href":"https:\/\/belokimariapsicologia.com\/index.php?rest_route=%2Fwp%2Fv2%2Fcomments&post=563"}],"version-history":[{"count":7,"href":"https:\/\/belokimariapsicologia.com\/index.php?rest_route=\/wp\/v2\/pages\/563\/revisions"}],"predecessor-version":[{"id":581,"href":"https:\/\/belokimariapsicologia.com\/index.php?rest_route=\/wp\/v2\/pages\/563\/revisions\/581"}],"wp:attachment":[{"href":"https:\/\/belokimariapsicologia.com\/index.php?rest_route=%2Fwp%2Fv2%2Fmedia&parent=563"}],"curies":[{"name":"wp","href":"https:\/\/api.w.org\/{rel}","templated":true}]}}